{"id":3809,"date":"2018-03-23T17:52:12","date_gmt":"2018-03-23T16:52:12","guid":{"rendered":"http:\/\/www.colegiomuntori.com\/aviso-legal\/"},"modified":"2021-01-30T14:06:13","modified_gmt":"2021-01-30T12:06:13","slug":"legal-notice","status":"publish","type":"page","link":"https:\/\/www.colegiomuntori.com\/en\/legal-notice\/","title":{"rendered":"Legal Notice"},"content":{"rendered":"[vc_row css=&#8221;.vc_custom_1524582440179{padding-top: 40px !important;}&#8221;][vc_column][vc_column_text css=&#8221;.vc_custom_1612008367844{margin-bottom: 0px !important;}&#8221;]<strong>AVISO LEGAL<\/strong>:<\/p>\n<p>El responsable de esta p\u00e1gina web es: ELIJUCE, S.L., sociedad inscrita en el Registro Mercantil de la provincia de ALICANTE, Tomo 8487 Folio 33,Libro 5777, Hoja A: V115135 Inscripci\u00f3n 4 con C.I.F. B-97766992 y domicilio social en Avda. Valencia 28,03420, Castalla (ALICANTE)<\/p>\n<p>Tambi\u00e9n puede contactar con nosotros a trav\u00e9s del n\u00famero de tel\u00e9fono N\u00ba 965560749 o a trav\u00e9s de la siguiente direcci\u00f3n de correo electr\u00f3nico: <a href=\"mailto:info@colegiomuntori.com\">info@colegiomuntori.com<\/a><\/p>\n<p><strong>Propiedad Intelectual e Industrial<\/strong><\/p>\n<p>El dise\u00f1o de este sitio web y sus c\u00f3digos fuente, as\u00ed como los logos, marcas y dem\u00e1s signos distintivos que aparecen en el mismo pertenecen a ELIJUCE, S.L. y est\u00e1n protegidos por los correspondientes derechos de propiedad intelectual e industrial.<\/p>\n<h3><strong>Responsabilidad de los contenidos<\/strong><\/h3>\n<p>ELIJUCE, S.L. no se hace responsable de la legalidad de otros sitios web de terceros desde los que pueda accederse a esta web. ELIJUCE, S.L. tampoco responde por la legalidad de otros sitios web de terceros, que pudieran estar vinculados o enlazados desde esta web.<\/p>\n<p>ELIJUCE, S.L. se reserva el derecho a realizar cambios en el sitio web sin previo aviso, al objeto de mantener actualizada su informaci\u00f3n, a\u00f1adiendo, modificando, corrigiendo o eliminando los contenidos publicados o el dise\u00f1o del portal.<\/p>\n<p>ELIJUCE, S.L. no ser\u00e1 responsable del uso que terceros hagan de la informaci\u00f3n publicada en el portal, ni tampoco de los da\u00f1os sufridos o p\u00e9rdidas econ\u00f3micas que, de forma directa o indirecta, produzcan o puedan producir perjuicios econ\u00f3micos, materiales o sobre datos, provocados por el uso de dicha informaci\u00f3n.<\/p>\n<h3><strong>Reproducci\u00f3n de contenidos<\/strong><\/h3>\n<p>Se proh\u00edbe la reproducci\u00f3n total o parcial de los contenidos publicados en esta web sin la autorizaci\u00f3n previa y por escrito de ELIJUCE, S.L..<\/p>\n<p>Toda la informaci\u00f3n relativa a privacidad, la tienes en nuestra Pol\u00edtica de Privacidad.<\/p>\n<p><strong>POL\u00cdTICA DE PRIVACIDAD<\/strong>:<br \/>\nEn cumplimiento del REGLAMENTO (UE) 2016\/679, y en relaci\u00f3n al tratamiento de sus datos personales, le informamos de lo siguiente:<br \/>\nResponsable:\u00a0El responsable del tratamiento es ELIJUCE, S.L., Avda. Valencia 28, 03420, Castalla (ALICANTE).<br \/>\nFinalidad:\u00a0Mantenimiento de la relaci\u00f3n, env\u00edo de informaci\u00f3n, respuesta a sus consultas y peticiones, elaboraci\u00f3n de propuestas y ofertas y prestaci\u00f3n de nuestros servicios, mientras dure nuestra relaci\u00f3n y tengamos su consentimiento.<br \/>\nLegitimaci\u00f3n:\u00a0Ejecuci\u00f3n de contrato o consentimiento del interesado.<br \/>\nDestinatarios:\u00a0No se ceder\u00e1n datos a terceros salvo obligaci\u00f3n legal.<br \/>\nDerechos:\u00a0Puede ejercer los derechos de acceso, rectificaci\u00f3n, supresi\u00f3n y portabilidad de sus datos, y la limitaci\u00f3n u oposici\u00f3n al tratamiento mediante escrito acompa\u00f1ado de copia de documento oficial que le identifique, dirigido al Responsable del tratamiento. En caso de disconformidad con el tratamiento, tambi\u00e9n tiene derecho a presentar una reclamaci\u00f3n ante la Agencia Espa\u00f1ola de Protecci\u00f3n de Datos.<\/p>\n<p><strong>POL\u00cdTICA DE COOKIES<\/strong>:<br \/>\n<strong>INFORMACI\u00d3N DE COOKIES<\/strong>:\u00a0\u2028Las cookies son archivos que se pueden descargar en su equipo a trav\u00e9s de las p\u00e1ginas web. Son herramientas que tienen un papel esencial para la prestaci\u00f3n de numerosos servicios de la sociedad de la informaci\u00f3n. Entre otros, permiten a una p\u00e1gina web almacenar y recuperar informaci\u00f3n sobre los h\u00e1bitos de navegaci\u00f3n de un usuario o de su equipo y, dependiendo de la informaci\u00f3n obtenida, se pueden utilizar para reconocer al usuario y mejorar el servicio ofrecido.<\/p>\n<p><strong>TIPOS DE COOKIES<\/strong>:\u00a0\u2028Seg\u00fan quien sea la entidad que gestione el dominio desde donde se env\u00edan las cookies y trate los datos que se obtengan se pueden distinguir dos tipos: cookies propias y cookies de terceros.\u00a0\u2028Existe tambi\u00e9n una segunda clasificaci\u00f3n seg\u00fan el plazo de tiempo que permanecen almacenadas en el navegador del cliente, pudiendo tratarse de cookies de sesi\u00f3n o cookies persistentes.\u00a0\u2028Por \u00faltimo, existe otra clasificaci\u00f3n con cinco tipos de cookies seg\u00fan la finalidad para la que se traten los datos obtenidos: cookies t\u00e9cnicas, cookies de personalizaci\u00f3n, cookies de an\u00e1lisis, cookies publicitarias y cookies de publicidad comportamental.<\/p>\n<p><strong>COOKIES UTILIZADAS EN LA WEB<\/strong>:\u00a0\u2028A continuaci\u00f3n se identifican las cookies que est\u00e1n siendo utilizadas en este portal as\u00ed como su tipolog\u00eda y funci\u00f3n:\u00a0\u2028Una cookie propia de tipo t\u00e9cnico denominada PHPSESSID necesaria para la correcta navegaci\u00f3n por las p\u00e1ginas web.\u00a0\u2028Cookies de Google Analytics, un servicio de anal\u00edtica web desarrollada por Google, que permite la medici\u00f3n y an\u00e1lisis de la navegaci\u00f3n en las p\u00e1ginas web. En su navegador podr\u00e1 observar 4 cookies de este servicio. Seg\u00fan la tipolog\u00eda anterior se trata de cookies propias, de sesi\u00f3n y de an\u00e1lisis. Puede encontrar m\u00e1s informaci\u00f3n al respecto e inhabilitar el uso de estas cookies en:\u00a0\u2028http:\/\/www.google.es\/intl\/es_ALL\/analytics\/learn\/privacy.html\u00a0\u2028A trav\u00e9s de la anal\u00edtica web no se obtiene informaci\u00f3n sobre sus datos personales garantizando la tutela de la privacidad de las personas que navegan por la web. La informaci\u00f3n que se obtiene es la relativa al n\u00famero de usuarios que acceden a la web, el n\u00famero de p\u00e1ginas vistas, la frecuencia y repetici\u00f3n de las visitas, su duraci\u00f3n, el navegador utilizado, el operador que presta el servicio, el idioma, el terminal que utiliza, o la ciudad a la que est\u00e1 asignada su direcci\u00f3n IP. Informaci\u00f3n que posibilita un mejor y m\u00e1s apropiado servicio por parte de este portal.<\/p>\n<p><strong>C\u00d3MO MODIFICAR LA CONFIGURACI\u00d3N DE LAS COOKIES<\/strong>:\u00a0\u2028Usted puede restringir, bloquear o borrar las cookies de este sitio o cualquier otra p\u00e1gina web, utilizando su navegador. En cada navegador la operativa diferente, la funci\u00f3n de Ayuda le mostrar\u00e1 c\u00f3mo hacerlo.<br \/>\n&#8211; Internet Explorer:\u00a0http:\/\/windows.microsoft.com\/es-xl\/internet-explorer\/delete-manage-cookies#ie=&#8221;ie-10&#8243;<br \/>\n&#8211; FireFox:\u00a0https:\/\/support.mozilla.org\/es\/kb\/Borrar%20cookies<br \/>\n&#8211; Chrome:\u00a0https:\/\/support.google.com\/chrome\/answer\/95647?hl=&#8221;es&#8221;[\/vc_column_text][\/vc_column][\/vc_row]\n","protected":false},"excerpt":{"rendered":"<p>[vc_row css=&#8221;.vc_custom_1524582440179{padding-top: 40px !important;}&#8221;][vc_column][vc_column_text css=&#8221;.vc_custom_1612008367844{margin-bottom: 0px !important;}&#8221;]AVISO LEGAL: El responsable de esta p\u00e1gina web es: ELIJUCE, S.L., sociedad inscrita en el Registro Mercantil de la provincia de ALICANTE, Tomo 8487 Folio 33,Libro 5777, Hoja A: V115135 Inscripci\u00f3n 4 con C.I.F. B-97766992 y domicilio social en Avda. Valencia 28,03420, Castalla (ALICANTE) Tambi\u00e9n puede contactar con nosotros [&hellip;]<\/p>\n","protected":false},"author":2,"featured_media":0,"parent":0,"menu_order":0,"comment_status":"closed","ping_status":"closed","template":"","meta":{"footnotes":""},"class_list":["post-3809","page","type-page","status-publish","hentry"],"yoast_head":"<!-- This site is optimized with the Yoast SEO plugin v27.5 - https:\/\/yoast.com\/product\/yoast-seo-wordpress\/ -->\n<title>Legal Notice - Colegio Biling\u00fce Muntori<\/title>\n<meta name=\"robots\" content=\"index, follow, max-snippet:-1, max-image-preview:large, max-video-preview:-1\" \/>\n<link rel=\"canonical\" href=\"https:\/\/www.colegiomuntori.com\/en\/legal-notice\/\" \/>\n<meta property=\"og:locale\" content=\"en_US\" \/>\n<meta property=\"og:type\" content=\"article\" \/>\n<meta property=\"og:title\" content=\"Legal Notice - Colegio Biling\u00fce Muntori\" \/>\n<meta property=\"og:description\" content=\"[vc_row css=&#8221;.vc_custom_1524582440179{padding-top: 40px !important;}&#8221;][vc_column][vc_column_text css=&#8221;.vc_custom_1612008367844{margin-bottom: 0px !important;}&#8221;]AVISO LEGAL: El responsable de esta p\u00e1gina web es: ELIJUCE, S.L., sociedad inscrita en el Registro Mercantil de la provincia de ALICANTE, Tomo 8487 Folio 33,Libro 5777, Hoja A: V115135 Inscripci\u00f3n 4 con C.I.F. B-97766992 y domicilio social en Avda. Valencia 28,03420, Castalla (ALICANTE) Tambi\u00e9n puede contactar con nosotros [&hellip;]\" \/>\n<meta property=\"og:url\" content=\"https:\/\/www.colegiomuntori.com\/en\/legal-notice\/\" \/>\n<meta property=\"og:site_name\" content=\"Colegio Biling\u00fce Muntori\" \/>\n<meta property=\"article:publisher\" content=\"https:\/\/www.facebook.com\/ColegioMuntori\/\" \/>\n<meta property=\"article:modified_time\" content=\"2021-01-30T12:06:13+00:00\" \/>\n<meta name=\"twitter:card\" content=\"summary_large_image\" \/>\n<meta name=\"twitter:label1\" content=\"Est. reading time\" \/>\n\t<meta name=\"twitter:data1\" content=\"4 minutes\" \/>\n<script type=\"application\/ld+json\" class=\"yoast-schema-graph\">{\"@context\":\"https:\\\/\\\/schema.org\",\"@graph\":[{\"@type\":\"WebPage\",\"@id\":\"https:\\\/\\\/www.colegiomuntori.com\\\/en\\\/legal-notice\\\/\",\"url\":\"https:\\\/\\\/www.colegiomuntori.com\\\/en\\\/legal-notice\\\/\",\"name\":\"Legal Notice - Colegio Biling\u00fce Muntori\",\"isPartOf\":{\"@id\":\"https:\\\/\\\/www.colegiomuntori.com\\\/#website\"},\"datePublished\":\"2018-03-23T16:52:12+00:00\",\"dateModified\":\"2021-01-30T12:06:13+00:00\",\"breadcrumb\":{\"@id\":\"https:\\\/\\\/www.colegiomuntori.com\\\/en\\\/legal-notice\\\/#breadcrumb\"},\"inLanguage\":\"en-US\",\"potentialAction\":[{\"@type\":\"ReadAction\",\"target\":[\"https:\\\/\\\/www.colegiomuntori.com\\\/en\\\/legal-notice\\\/\"]}]},{\"@type\":\"BreadcrumbList\",\"@id\":\"https:\\\/\\\/www.colegiomuntori.com\\\/en\\\/legal-notice\\\/#breadcrumb\",\"itemListElement\":[{\"@type\":\"ListItem\",\"position\":1,\"name\":\"Portada\",\"item\":\"https:\\\/\\\/www.colegiomuntori.com\\\/en\\\/\"},{\"@type\":\"ListItem\",\"position\":2,\"name\":\"Legal Notice\"}]},{\"@type\":\"WebSite\",\"@id\":\"https:\\\/\\\/www.colegiomuntori.com\\\/#website\",\"url\":\"https:\\\/\\\/www.colegiomuntori.com\\\/\",\"name\":\"Colegio Biling\u00fce Muntori\",\"description\":\"Educaci\u00f3n por proyectos en Infantil, Primaria y Secundaria en Castalla\",\"publisher\":{\"@id\":\"https:\\\/\\\/www.colegiomuntori.com\\\/#organization\"},\"potentialAction\":[{\"@type\":\"SearchAction\",\"target\":{\"@type\":\"EntryPoint\",\"urlTemplate\":\"https:\\\/\\\/www.colegiomuntori.com\\\/?s={search_term_string}\"},\"query-input\":{\"@type\":\"PropertyValueSpecification\",\"valueRequired\":true,\"valueName\":\"search_term_string\"}}],\"inLanguage\":\"en-US\"},{\"@type\":\"Organization\",\"@id\":\"https:\\\/\\\/www.colegiomuntori.com\\\/#organization\",\"name\":\"Colegio Bilingue Muntori\",\"url\":\"https:\\\/\\\/www.colegiomuntori.com\\\/\",\"logo\":{\"@type\":\"ImageObject\",\"inLanguage\":\"en-US\",\"@id\":\"https:\\\/\\\/www.colegiomuntori.com\\\/#\\\/schema\\\/logo\\\/image\\\/\",\"url\":\"https:\\\/\\\/www.colegiomuntori.com\\\/wp-content\\\/uploads\\\/2018\\\/04\\\/logo-muntori.svg\",\"contentUrl\":\"https:\\\/\\\/www.colegiomuntori.com\\\/wp-content\\\/uploads\\\/2018\\\/04\\\/logo-muntori.svg\",\"width\":1,\"height\":1,\"caption\":\"Colegio Bilingue Muntori\"},\"image\":{\"@id\":\"https:\\\/\\\/www.colegiomuntori.com\\\/#\\\/schema\\\/logo\\\/image\\\/\"},\"sameAs\":[\"https:\\\/\\\/www.facebook.com\\\/ColegioMuntori\\\/\",\"https:\\\/\\\/www.instagram.com\\\/colegiomuntori\\\/\"]}]}<\/script>\n<!-- \/ Yoast SEO plugin. -->","yoast_head_json":{"title":"Legal Notice - Colegio Biling\u00fce Muntori","robots":{"index":"index","follow":"follow","max-snippet":"max-snippet:-1","max-image-preview":"max-image-preview:large","max-video-preview":"max-video-preview:-1"},"canonical":"https:\/\/www.colegiomuntori.com\/en\/legal-notice\/","og_locale":"en_US","og_type":"article","og_title":"Legal Notice - Colegio Biling\u00fce Muntori","og_description":"[vc_row css=&#8221;.vc_custom_1524582440179{padding-top: 40px !important;}&#8221;][vc_column][vc_column_text css=&#8221;.vc_custom_1612008367844{margin-bottom: 0px !important;}&#8221;]AVISO LEGAL: El responsable de esta p\u00e1gina web es: ELIJUCE, S.L., sociedad inscrita en el Registro Mercantil de la provincia de ALICANTE, Tomo 8487 Folio 33,Libro 5777, Hoja A: V115135 Inscripci\u00f3n 4 con C.I.F. B-97766992 y domicilio social en Avda. Valencia 28,03420, Castalla (ALICANTE) Tambi\u00e9n puede contactar con nosotros [&hellip;]","og_url":"https:\/\/www.colegiomuntori.com\/en\/legal-notice\/","og_site_name":"Colegio Biling\u00fce Muntori","article_publisher":"https:\/\/www.facebook.com\/ColegioMuntori\/","article_modified_time":"2021-01-30T12:06:13+00:00","twitter_card":"summary_large_image","twitter_misc":{"Est. reading time":"4 minutes"},"schema":{"@context":"https:\/\/schema.org","@graph":[{"@type":"WebPage","@id":"https:\/\/www.colegiomuntori.com\/en\/legal-notice\/","url":"https:\/\/www.colegiomuntori.com\/en\/legal-notice\/","name":"Legal Notice - Colegio Biling\u00fce Muntori","isPartOf":{"@id":"https:\/\/www.colegiomuntori.com\/#website"},"datePublished":"2018-03-23T16:52:12+00:00","dateModified":"2021-01-30T12:06:13+00:00","breadcrumb":{"@id":"https:\/\/www.colegiomuntori.com\/en\/legal-notice\/#breadcrumb"},"inLanguage":"en-US","potentialAction":[{"@type":"ReadAction","target":["https:\/\/www.colegiomuntori.com\/en\/legal-notice\/"]}]},{"@type":"BreadcrumbList","@id":"https:\/\/www.colegiomuntori.com\/en\/legal-notice\/#breadcrumb","itemListElement":[{"@type":"ListItem","position":1,"name":"Portada","item":"https:\/\/www.colegiomuntori.com\/en\/"},{"@type":"ListItem","position":2,"name":"Legal Notice"}]},{"@type":"WebSite","@id":"https:\/\/www.colegiomuntori.com\/#website","url":"https:\/\/www.colegiomuntori.com\/","name":"Colegio Biling\u00fce Muntori","description":"Educaci\u00f3n por proyectos en Infantil, Primaria y Secundaria en Castalla","publisher":{"@id":"https:\/\/www.colegiomuntori.com\/#organization"},"potentialAction":[{"@type":"SearchAction","target":{"@type":"EntryPoint","urlTemplate":"https:\/\/www.colegiomuntori.com\/?s={search_term_string}"},"query-input":{"@type":"PropertyValueSpecification","valueRequired":true,"valueName":"search_term_string"}}],"inLanguage":"en-US"},{"@type":"Organization","@id":"https:\/\/www.colegiomuntori.com\/#organization","name":"Colegio Bilingue Muntori","url":"https:\/\/www.colegiomuntori.com\/","logo":{"@type":"ImageObject","inLanguage":"en-US","@id":"https:\/\/www.colegiomuntori.com\/#\/schema\/logo\/image\/","url":"https:\/\/www.colegiomuntori.com\/wp-content\/uploads\/2018\/04\/logo-muntori.svg","contentUrl":"https:\/\/www.colegiomuntori.com\/wp-content\/uploads\/2018\/04\/logo-muntori.svg","width":1,"height":1,"caption":"Colegio Bilingue Muntori"},"image":{"@id":"https:\/\/www.colegiomuntori.com\/#\/schema\/logo\/image\/"},"sameAs":["https:\/\/www.facebook.com\/ColegioMuntori\/","https:\/\/www.instagram.com\/colegiomuntori\/"]}]}},"_links":{"self":[{"href":"https:\/\/www.colegiomuntori.com\/en\/wp-json\/wp\/v2\/pages\/3809","targetHints":{"allow":["GET"]}}],"collection":[{"href":"https:\/\/www.colegiomuntori.com\/en\/wp-json\/wp\/v2\/pages"}],"about":[{"href":"https:\/\/www.colegiomuntori.com\/en\/wp-json\/wp\/v2\/types\/page"}],"author":[{"embeddable":true,"href":"https:\/\/www.colegiomuntori.com\/en\/wp-json\/wp\/v2\/users\/2"}],"replies":[{"embeddable":true,"href":"https:\/\/www.colegiomuntori.com\/en\/wp-json\/wp\/v2\/comments?post=3809"}],"version-history":[{"count":1,"href":"https:\/\/www.colegiomuntori.com\/en\/wp-json\/wp\/v2\/pages\/3809\/revisions"}],"predecessor-version":[{"id":4173,"href":"https:\/\/www.colegiomuntori.com\/en\/wp-json\/wp\/v2\/pages\/3809\/revisions\/4173"}],"wp:attachment":[{"href":"https:\/\/www.colegiomuntori.com\/en\/wp-json\/wp\/v2\/media?parent=3809"}],"curies":[{"name":"wp","href":"https:\/\/api.w.org\/{rel}","templated":true}]}}